{"id":588,"date":"2022-07-01T15:00:45","date_gmt":"2022-07-01T20:00:45","guid":{"rendered":"https:\/\/atedac.com\/?post_type=product&#038;p=588"},"modified":"2022-07-15T09:17:14","modified_gmt":"2022-07-15T14:17:14","slug":"conexion-remota-1-hora","status":"publish","type":"product","link":"https:\/\/atedac.com\/index.php\/product\/conexion-remota-1-hora\/","title":{"rendered":"Conexi\u00f3n Remota 1 Hora"},"content":{"rendered":"<p><img loading=\"lazy\" decoding=\"async\" class=\"alignnone size-medium wp-image-414\" src=\"http:\/\/atedac.com\/wp-content\/uploads\/2022\/06\/pexels-life-of-pix-7974-300x200.jpg\" alt=\"Soporte remoto\" width=\"300\" height=\"200\" srcset=\"https:\/\/atedac.com\/wp-content\/uploads\/2022\/06\/pexels-life-of-pix-7974-300x200.jpg 300w, https:\/\/atedac.com\/wp-content\/uploads\/2022\/06\/pexels-life-of-pix-7974-1024x683.jpg 1024w, https:\/\/atedac.com\/wp-content\/uploads\/2022\/06\/pexels-life-of-pix-7974-768x512.jpg 768w\" sizes=\"(max-width: 300px) 100vw, 300px\" \/><\/p>\n<p>Soporte a equipos por medio de enlace remoto<\/p>\n","protected":false},"excerpt":{"rendered":"<p><img loading=\"lazy\" decoding=\"async\" class=\"alignnone size-medium wp-image-414\" src=\"http:\/\/atedac.com\/wp-content\/uploads\/2022\/06\/pexels-life-of-pix-7974-300x200.jpg\" alt=\"Soporte remoto\" width=\"300\" height=\"200\" srcset=\"https:\/\/atedac.com\/wp-content\/uploads\/2022\/06\/pexels-life-of-pix-7974-300x200.jpg 300w, https:\/\/atedac.com\/wp-content\/uploads\/2022\/06\/pexels-life-of-pix-7974-1024x683.jpg 1024w, https:\/\/atedac.com\/wp-content\/uploads\/2022\/06\/pexels-life-of-pix-7974-768x512.jpg 768w\" sizes=\"(max-width: 300px) 100vw, 300px\" \/><\/p>\n<p>Asesor\u00eda y soporte por medio de conexi\u00f3n remota por medio de la aplicaci\u00f3n Any Desk<\/p>\n","protected":false},"featured_media":414,"comment_status":"open","ping_status":"closed","template":"","meta":{"site-sidebar-layout":"default","site-content-layout":"default","ast-global-header-display":"","ast-main-header-display":"","ast-hfb-above-header-display":"","ast-hfb-below-header-display":"","ast-hfb-mobile-header-display":"","site-post-title":"","ast-breadcrumbs-content":"","ast-featured-img":"","footer-sml-layout":"","theme-transparent-header-meta":"default","adv-header-id-meta":"","stick-header-meta":"","header-above-stick-meta":"","header-main-stick-meta":"","header-below-stick-meta":""},"product_cat":[15],"product_tag":[],"_links":{"self":[{"href":"https:\/\/atedac.com\/index.php\/wp-json\/wp\/v2\/product\/588"}],"collection":[{"href":"https:\/\/atedac.com\/index.php\/wp-json\/wp\/v2\/product"}],"about":[{"href":"https:\/\/atedac.com\/index.php\/wp-json\/wp\/v2\/types\/product"}],"replies":[{"embeddable":true,"href":"https:\/\/atedac.com\/index.php\/wp-json\/wp\/v2\/comments?post=588"}],"wp:featuredmedia":[{"embeddable":true,"href":"https:\/\/atedac.com\/index.php\/wp-json\/wp\/v2\/media\/414"}],"wp:attachment":[{"href":"https:\/\/atedac.com\/index.php\/wp-json\/wp\/v2\/media?parent=588"}],"wp:term":[{"taxonomy":"product_cat","embeddable":true,"href":"https:\/\/atedac.com\/index.php\/wp-json\/wp\/v2\/product_cat?post=588"},{"taxonomy":"product_tag","embeddable":true,"href":"https:\/\/atedac.com\/index.php\/wp-json\/wp\/v2\/product_tag?post=588"}],"curies":[{"name":"wp","href":"https:\/\/api.w.org\/{rel}","templated":true}]}}